{"id":2272,"date":"2019-04-24T17:23:25","date_gmt":"2019-04-24T17:23:25","guid":{"rendered":"http:\/\/cruzecruz.net\/site\/?page_id=2272"},"modified":"2019-04-26T08:50:59","modified_gmt":"2019-04-26T08:50:59","slug":"societe","status":"publish","type":"page","link":"https:\/\/cruzecruz.net\/site\/fr\/societe\/","title":{"rendered":"SOCI\u00c9T\u00c9"},"content":{"rendered":"<p>Cruz &#038; Cruz &#8211; Network Factory, a commenc\u00e9 son activit\u00e9 en 1981 avec la production de filets de p\u00eache.<\/p>\n<p>En 1989, la soci\u00e9t\u00e9 investit dans la construction d\u2019une nouvelle unit\u00e9 et dans de nouveaux m\u00e9tiers \u00e0 tisser,<\/p>\n<p>sports et protection, en particulier pour terrains de football, terrains de golf, construction, neige en montagne et filets pour la manipulation de bouchons en li\u00e8ge.<\/p>\n<p>En 1990, il s&#8217;est sp\u00e9cialis\u00e9 dans les r\u00e9seaux de parcs de vol d&#8217;oiseaux gibier et de mammif\u00e8res, tels que perdrix, faisan, canards, lapins, etc. C\u2019est un r\u00e9seau tr\u00e8s facile \u00e0 g\u00e9rer, facile \u00e0 installer, robuste, d\u2019un excellent rapport qualit\u00e9-prix et d\u2019une dur\u00e9e minimale de 10 ans.<\/p>\n<p>Le march\u00e9 des r\u00e9seaux est tr\u00e8s concurrentiel, caract\u00e9ris\u00e9 par une forte concurrence et des prix bas. La qualit\u00e9 des r\u00e9seaux Cruz &#038; Cruz ainsi que le s\u00e9rieux avec lequel la soci\u00e9t\u00e9 \u00e9volue nous ont permis de continuer \u00e0 am\u00e9liorer la confiance et le d\u00e9vouement de nos clients.<\/p>\n<p>Afin de r\u00e9pondre aux nouvelles exigences du march\u00e9, tant national qu&#8217;international, la soci\u00e9t\u00e9 a constamment investi dans la technologie, la recherche et le d\u00e9veloppement.<\/p>\n<p>L&#8217;\u00e9volution des march\u00e9s est une constante et nous sommes toujours \u00e0 l&#8217;\u00e9coute des besoins de nos clients.<\/p>\n<p>Les r\u00e9seaux sont toujours r\u00e9alis\u00e9s selon les sp\u00e9cifications du client.<\/p>\n<p>Au fil des ans, nous avons effectu\u00e9 les \u00e9tudes de march\u00e9 les plus \u00e9labor\u00e9es possibles, am\u00e9liorant ainsi notre savoir-faire.<\/p>\n<p>Le r\u00e9sultat final est la satisfaction du client.<\/p>\n","protected":false},"excerpt":{"rendered":"<p>Cruz &#038; Cruz &#8211; Network Factory, a commenc\u00e9 son activit\u00e9 en 1981 avec la production de filets de p\u00eache. En 1989, la soci\u00e9t\u00e9 investit dans la construction d\u2019une nouvelle unit\u00e9 et dans de nouveaux m\u00e9tiers \u00e0 tisser, sports et protection, en particulier pour terrains de football, terrains de golf, construction, neige en montagne et filets [&hellip;]<\/p>\n","protected":false},"author":1,"featured_media":10,"parent":0,"menu_order":0,"comment_status":"closed","ping_status":"closed","template":"","meta":{"ngg_post_thumbnail":0,"footnotes":""},"class_list":["post-2272","page","type-page","status-publish","has-post-thumbnail","hentry"],"yoast_head":"<!-- This site is optimized with the Yoast SEO plugin v26.7 - https:\/\/yoast.com\/wordpress\/plugins\/seo\/ -->\n<title>SOCI\u00c9T\u00c9 - Cruz&amp;Cruz, Lda - Fabrica de Redes<\/title>\n<meta name=\"robots\" content=\"index, follow, max-snippet:-1, max-image-preview:large, max-video-preview:-1\" \/>\n<link rel=\"canonical\" href=\"https:\/\/cruzecruz.net\/site\/fr\/societe\/\" \/>\n<meta property=\"og:locale\" content=\"pt_PT\" \/>\n<meta property=\"og:type\" content=\"article\" \/>\n<meta property=\"og:title\" content=\"SOCI\u00c9T\u00c9 - Cruz&amp;Cruz, Lda - Fabrica de Redes\" \/>\n<meta property=\"og:description\" content=\"Cruz &#038; Cruz &#8211; Network Factory, a commenc\u00e9 son activit\u00e9 en 1981 avec la production de filets de p\u00eache. En 1989, la soci\u00e9t\u00e9 investit dans la construction d\u2019une nouvelle unit\u00e9 et dans de nouveaux m\u00e9tiers \u00e0 tisser, sports et protection, en particulier pour terrains de football, terrains de golf, construction, neige en montagne et filets [&hellip;]\" \/>\n<meta property=\"og:url\" content=\"https:\/\/cruzecruz.net\/site\/fr\/societe\/\" \/>\n<meta property=\"og:site_name\" content=\"Cruz&amp;Cruz, Lda - Fabrica de Redes\" \/>\n<meta property=\"article:modified_time\" content=\"2019-04-26T08:50:59+00:00\" \/>\n<meta property=\"og:image\" content=\"https:\/\/cruzecruz.net\/site\/wp-content\/uploads\/2018\/06\/foto_empresa.jpg\" \/>\n\t<meta property=\"og:image:width\" content=\"454\" \/>\n\t<meta property=\"og:image:height\" content=\"302\" \/>\n\t<meta property=\"og:image:type\" content=\"image\/jpeg\" \/>\n<meta name=\"twitter:card\" content=\"summary_large_image\" \/>\n<meta name=\"twitter:label1\" content=\"Tempo estimado de leitura\" \/>\n\t<meta name=\"twitter:data1\" content=\"1 minuto\" \/>\n<script type=\"application\/ld+json\" class=\"yoast-schema-graph\">{\"@context\":\"https:\/\/schema.org\",\"@graph\":[{\"@type\":\"WebPage\",\"@id\":\"https:\/\/cruzecruz.net\/site\/fr\/societe\/\",\"url\":\"https:\/\/cruzecruz.net\/site\/fr\/societe\/\",\"name\":\"SOCI\u00c9T\u00c9 - Cruz&amp;Cruz, Lda - Fabrica de Redes\",\"isPartOf\":{\"@id\":\"https:\/\/cruzecruz.net\/site\/#website\"},\"primaryImageOfPage\":{\"@id\":\"https:\/\/cruzecruz.net\/site\/fr\/societe\/#primaryimage\"},\"image\":{\"@id\":\"https:\/\/cruzecruz.net\/site\/fr\/societe\/#primaryimage\"},\"thumbnailUrl\":\"https:\/\/cruzecruz.net\/site\/wp-content\/uploads\/2018\/06\/foto_empresa.jpg\",\"datePublished\":\"2019-04-24T17:23:25+00:00\",\"dateModified\":\"2019-04-26T08:50:59+00:00\",\"breadcrumb\":{\"@id\":\"https:\/\/cruzecruz.net\/site\/fr\/societe\/#breadcrumb\"},\"inLanguage\":\"pt-PT\",\"potentialAction\":[{\"@type\":\"ReadAction\",\"target\":[\"https:\/\/cruzecruz.net\/site\/fr\/societe\/\"]}]},{\"@type\":\"ImageObject\",\"inLanguage\":\"pt-PT\",\"@id\":\"https:\/\/cruzecruz.net\/site\/fr\/societe\/#primaryimage\",\"url\":\"https:\/\/cruzecruz.net\/site\/wp-content\/uploads\/2018\/06\/foto_empresa.jpg\",\"contentUrl\":\"https:\/\/cruzecruz.net\/site\/wp-content\/uploads\/2018\/06\/foto_empresa.jpg\",\"width\":454,\"height\":302,\"caption\":\"Fabrica Redes em Barqueiros\"},{\"@type\":\"BreadcrumbList\",\"@id\":\"https:\/\/cruzecruz.net\/site\/fr\/societe\/#breadcrumb\",\"itemListElement\":[{\"@type\":\"ListItem\",\"position\":1,\"name\":\"In\u00edcio\",\"item\":\"https:\/\/cruzecruz.net\/site\/\"},{\"@type\":\"ListItem\",\"position\":2,\"name\":\"SOCI\u00c9T\u00c9\"}]},{\"@type\":\"WebSite\",\"@id\":\"https:\/\/cruzecruz.net\/site\/#website\",\"url\":\"https:\/\/cruzecruz.net\/site\/\",\"name\":\"Cruz&amp;Cruz, Lda - Fabrica de Redes\",\"description\":\"\",\"potentialAction\":[{\"@type\":\"SearchAction\",\"target\":{\"@type\":\"EntryPoint\",\"urlTemplate\":\"https:\/\/cruzecruz.net\/site\/?s={search_term_string}\"},\"query-input\":{\"@type\":\"PropertyValueSpecification\",\"valueRequired\":true,\"valueName\":\"search_term_string\"}}],\"inLanguage\":\"pt-PT\"}]}<\/script>\n<!-- \/ Yoast SEO plugin. -->","yoast_head_json":{"title":"SOCI\u00c9T\u00c9 - Cruz&amp;Cruz, Lda - Fabrica de Redes","robots":{"index":"index","follow":"follow","max-snippet":"max-snippet:-1","max-image-preview":"max-image-preview:large","max-video-preview":"max-video-preview:-1"},"canonical":"https:\/\/cruzecruz.net\/site\/fr\/societe\/","og_locale":"pt_PT","og_type":"article","og_title":"SOCI\u00c9T\u00c9 - Cruz&amp;Cruz, Lda - Fabrica de Redes","og_description":"Cruz &#038; Cruz &#8211; Network Factory, a commenc\u00e9 son activit\u00e9 en 1981 avec la production de filets de p\u00eache. En 1989, la soci\u00e9t\u00e9 investit dans la construction d\u2019une nouvelle unit\u00e9 et dans de nouveaux m\u00e9tiers \u00e0 tisser, sports et protection, en particulier pour terrains de football, terrains de golf, construction, neige en montagne et filets [&hellip;]","og_url":"https:\/\/cruzecruz.net\/site\/fr\/societe\/","og_site_name":"Cruz&amp;Cruz, Lda - Fabrica de Redes","article_modified_time":"2019-04-26T08:50:59+00:00","og_image":[{"width":454,"height":302,"url":"https:\/\/cruzecruz.net\/site\/wp-content\/uploads\/2018\/06\/foto_empresa.jpg","type":"image\/jpeg"}],"twitter_card":"summary_large_image","twitter_misc":{"Tempo estimado de leitura":"1 minuto"},"schema":{"@context":"https:\/\/schema.org","@graph":[{"@type":"WebPage","@id":"https:\/\/cruzecruz.net\/site\/fr\/societe\/","url":"https:\/\/cruzecruz.net\/site\/fr\/societe\/","name":"SOCI\u00c9T\u00c9 - Cruz&amp;Cruz, Lda - Fabrica de Redes","isPartOf":{"@id":"https:\/\/cruzecruz.net\/site\/#website"},"primaryImageOfPage":{"@id":"https:\/\/cruzecruz.net\/site\/fr\/societe\/#primaryimage"},"image":{"@id":"https:\/\/cruzecruz.net\/site\/fr\/societe\/#primaryimage"},"thumbnailUrl":"https:\/\/cruzecruz.net\/site\/wp-content\/uploads\/2018\/06\/foto_empresa.jpg","datePublished":"2019-04-24T17:23:25+00:00","dateModified":"2019-04-26T08:50:59+00:00","breadcrumb":{"@id":"https:\/\/cruzecruz.net\/site\/fr\/societe\/#breadcrumb"},"inLanguage":"pt-PT","potentialAction":[{"@type":"ReadAction","target":["https:\/\/cruzecruz.net\/site\/fr\/societe\/"]}]},{"@type":"ImageObject","inLanguage":"pt-PT","@id":"https:\/\/cruzecruz.net\/site\/fr\/societe\/#primaryimage","url":"https:\/\/cruzecruz.net\/site\/wp-content\/uploads\/2018\/06\/foto_empresa.jpg","contentUrl":"https:\/\/cruzecruz.net\/site\/wp-content\/uploads\/2018\/06\/foto_empresa.jpg","width":454,"height":302,"caption":"Fabrica Redes em Barqueiros"},{"@type":"BreadcrumbList","@id":"https:\/\/cruzecruz.net\/site\/fr\/societe\/#breadcrumb","itemListElement":[{"@type":"ListItem","position":1,"name":"In\u00edcio","item":"https:\/\/cruzecruz.net\/site\/"},{"@type":"ListItem","position":2,"name":"SOCI\u00c9T\u00c9"}]},{"@type":"WebSite","@id":"https:\/\/cruzecruz.net\/site\/#website","url":"https:\/\/cruzecruz.net\/site\/","name":"Cruz&amp;Cruz, Lda - Fabrica de Redes","description":"","potentialAction":[{"@type":"SearchAction","target":{"@type":"EntryPoint","urlTemplate":"https:\/\/cruzecruz.net\/site\/?s={search_term_string}"},"query-input":{"@type":"PropertyValueSpecification","valueRequired":true,"valueName":"search_term_string"}}],"inLanguage":"pt-PT"}]}},"_links":{"self":[{"href":"https:\/\/cruzecruz.net\/site\/wp-json\/wp\/v2\/pages\/2272","targetHints":{"allow":["GET"]}}],"collection":[{"href":"https:\/\/cruzecruz.net\/site\/wp-json\/wp\/v2\/pages"}],"about":[{"href":"https:\/\/cruzecruz.net\/site\/wp-json\/wp\/v2\/types\/page"}],"author":[{"embeddable":true,"href":"https:\/\/cruzecruz.net\/site\/wp-json\/wp\/v2\/users\/1"}],"replies":[{"embeddable":true,"href":"https:\/\/cruzecruz.net\/site\/wp-json\/wp\/v2\/comments?post=2272"}],"version-history":[{"count":2,"href":"https:\/\/cruzecruz.net\/site\/wp-json\/wp\/v2\/pages\/2272\/revisions"}],"predecessor-version":[{"id":2274,"href":"https:\/\/cruzecruz.net\/site\/wp-json\/wp\/v2\/pages\/2272\/revisions\/2274"}],"wp:featuredmedia":[{"embeddable":true,"href":"https:\/\/cruzecruz.net\/site\/wp-json\/wp\/v2\/media\/10"}],"wp:attachment":[{"href":"https:\/\/cruzecruz.net\/site\/wp-json\/wp\/v2\/media?parent=2272"}],"curies":[{"name":"wp","href":"https:\/\/api.w.org\/{rel}","templated":true}]}}