{"id":2288,"date":"2019-04-26T09:23:46","date_gmt":"2019-04-26T09:23:46","guid":{"rendered":"http:\/\/cruzecruz.net\/site\/?page_id=2288"},"modified":"2019-04-26T09:24:10","modified_gmt":"2019-04-26T09:24:10","slug":"parcs-de-vol","status":"publish","type":"page","link":"https:\/\/cruzecruz.net\/site\/fr\/mon-compte\/parcs-de-vol\/","title":{"rendered":"Parcs de vol"},"content":{"rendered":"<p>Sp\u00e9cialis\u00e9 dans les r\u00e9seaux pour les parcs de jeux volants:<\/p>\n<ul style=\"display: inline-block;\">\n<li>Perdrix<\/li>\n<li>Les faisans<\/li>\n<li>Caille<\/li>\n<li>Canards<\/li>\n<li>Lapin<\/li>\n<\/ul>\n<div id='gallery-1' class='gallery galleryid-2288 gallery-columns-2 gallery-size-thumbnail'><dl class='gallery-item'>\n\t\t\t<dt class='gallery-icon landscape'>\n\t\t\t\t<a href='https:\/\/cruzecruz.net\/site\/galeria\/100_7922\/'><img loading=\"lazy\" decoding=\"async\" width=\"150\" height=\"150\" src=\"https:\/\/cruzecruz.net\/site\/wp-content\/uploads\/2018\/06\/100_7922-150x150.jpg\" class=\"attachment-thumbnail size-thumbnail\" alt=\"\" \/><\/a>\n\t\t\t<\/dt><\/dl><dl class='gallery-item'>\n\t\t\t<dt class='gallery-icon landscape'>\n\t\t\t\t<a href='https:\/\/cruzecruz.net\/site\/galeria\/100_7915\/'><img loading=\"lazy\" decoding=\"async\" width=\"150\" height=\"150\" src=\"https:\/\/cruzecruz.net\/site\/wp-content\/uploads\/2018\/06\/100_7915-150x150.jpg\" class=\"attachment-thumbnail size-thumbnail\" alt=\"\" \/><\/a>\n\t\t\t<\/dt><\/dl><br style=\"clear: both\" \/>\n\t\t<\/div>\n\n","protected":false},"excerpt":{"rendered":"<p>Sp\u00e9cialis\u00e9 dans les r\u00e9seaux pour les parcs de jeux volants: Perdrix Les faisans Caille Canards Lapin<\/p>\n","protected":false},"author":1,"featured_media":0,"parent":2284,"menu_order":0,"comment_status":"closed","ping_status":"closed","template":"","meta":{"ngg_post_thumbnail":0,"footnotes":""},"class_list":["post-2288","page","type-page","status-publish","hentry"],"yoast_head":"<!-- This site is optimized with the Yoast SEO plugin v26.7 - https:\/\/yoast.com\/wordpress\/plugins\/seo\/ -->\n<title>Parcs de vol - Cruz&amp;Cruz, Lda - Fabrica de Redes<\/title>\n<meta name=\"robots\" content=\"index, follow, max-snippet:-1, max-image-preview:large, max-video-preview:-1\" \/>\n<link rel=\"canonical\" href=\"https:\/\/cruzecruz.net\/site\/fr\/mon-compte\/parcs-de-vol\/\" \/>\n<meta property=\"og:locale\" content=\"pt_PT\" \/>\n<meta property=\"og:type\" content=\"article\" \/>\n<meta property=\"og:title\" content=\"Parcs de vol - Cruz&amp;Cruz, Lda - Fabrica de Redes\" \/>\n<meta property=\"og:description\" content=\"Sp\u00e9cialis\u00e9 dans les r\u00e9seaux pour les parcs de jeux volants: Perdrix Les faisans Caille Canards Lapin\" \/>\n<meta property=\"og:url\" content=\"https:\/\/cruzecruz.net\/site\/fr\/mon-compte\/parcs-de-vol\/\" \/>\n<meta property=\"og:site_name\" content=\"Cruz&amp;Cruz, Lda - Fabrica de Redes\" \/>\n<meta property=\"article:modified_time\" content=\"2019-04-26T09:24:10+00:00\" \/>\n<meta name=\"twitter:card\" content=\"summary_large_image\" \/>\n<script type=\"application\/ld+json\" class=\"yoast-schema-graph\">{\"@context\":\"https:\/\/schema.org\",\"@graph\":[{\"@type\":\"WebPage\",\"@id\":\"https:\/\/cruzecruz.net\/site\/fr\/mon-compte\/parcs-de-vol\/\",\"url\":\"https:\/\/cruzecruz.net\/site\/fr\/mon-compte\/parcs-de-vol\/\",\"name\":\"Parcs de vol - Cruz&amp;Cruz, Lda - Fabrica de Redes\",\"isPartOf\":{\"@id\":\"https:\/\/cruzecruz.net\/site\/#website\"},\"datePublished\":\"2019-04-26T09:23:46+00:00\",\"dateModified\":\"2019-04-26T09:24:10+00:00\",\"breadcrumb\":{\"@id\":\"https:\/\/cruzecruz.net\/site\/fr\/mon-compte\/parcs-de-vol\/#breadcrumb\"},\"inLanguage\":\"pt-PT\",\"potentialAction\":[{\"@type\":\"ReadAction\",\"target\":[\"https:\/\/cruzecruz.net\/site\/fr\/mon-compte\/parcs-de-vol\/\"]}]},{\"@type\":\"BreadcrumbList\",\"@id\":\"https:\/\/cruzecruz.net\/site\/fr\/mon-compte\/parcs-de-vol\/#breadcrumb\",\"itemListElement\":[{\"@type\":\"ListItem\",\"position\":1,\"name\":\"In\u00edcio\",\"item\":\"https:\/\/cruzecruz.net\/site\/\"},{\"@type\":\"ListItem\",\"position\":2,\"name\":\"Mon compte\",\"item\":\"https:\/\/cruzecruz.net\/site\/fr\/mon-compte\/\"},{\"@type\":\"ListItem\",\"position\":3,\"name\":\"Parcs de vol\"}]},{\"@type\":\"WebSite\",\"@id\":\"https:\/\/cruzecruz.net\/site\/#website\",\"url\":\"https:\/\/cruzecruz.net\/site\/\",\"name\":\"Cruz&amp;Cruz, Lda - Fabrica de Redes\",\"description\":\"\",\"potentialAction\":[{\"@type\":\"SearchAction\",\"target\":{\"@type\":\"EntryPoint\",\"urlTemplate\":\"https:\/\/cruzecruz.net\/site\/?s={search_term_string}\"},\"query-input\":{\"@type\":\"PropertyValueSpecification\",\"valueRequired\":true,\"valueName\":\"search_term_string\"}}],\"inLanguage\":\"pt-PT\"}]}<\/script>\n<!-- \/ Yoast SEO plugin. -->","yoast_head_json":{"title":"Parcs de vol - Cruz&amp;Cruz, Lda - Fabrica de Redes","robots":{"index":"index","follow":"follow","max-snippet":"max-snippet:-1","max-image-preview":"max-image-preview:large","max-video-preview":"max-video-preview:-1"},"canonical":"https:\/\/cruzecruz.net\/site\/fr\/mon-compte\/parcs-de-vol\/","og_locale":"pt_PT","og_type":"article","og_title":"Parcs de vol - Cruz&amp;Cruz, Lda - Fabrica de Redes","og_description":"Sp\u00e9cialis\u00e9 dans les r\u00e9seaux pour les parcs de jeux volants: Perdrix Les faisans Caille Canards Lapin","og_url":"https:\/\/cruzecruz.net\/site\/fr\/mon-compte\/parcs-de-vol\/","og_site_name":"Cruz&amp;Cruz, Lda - Fabrica de Redes","article_modified_time":"2019-04-26T09:24:10+00:00","twitter_card":"summary_large_image","schema":{"@context":"https:\/\/schema.org","@graph":[{"@type":"WebPage","@id":"https:\/\/cruzecruz.net\/site\/fr\/mon-compte\/parcs-de-vol\/","url":"https:\/\/cruzecruz.net\/site\/fr\/mon-compte\/parcs-de-vol\/","name":"Parcs de vol - Cruz&amp;Cruz, Lda - Fabrica de Redes","isPartOf":{"@id":"https:\/\/cruzecruz.net\/site\/#website"},"datePublished":"2019-04-26T09:23:46+00:00","dateModified":"2019-04-26T09:24:10+00:00","breadcrumb":{"@id":"https:\/\/cruzecruz.net\/site\/fr\/mon-compte\/parcs-de-vol\/#breadcrumb"},"inLanguage":"pt-PT","potentialAction":[{"@type":"ReadAction","target":["https:\/\/cruzecruz.net\/site\/fr\/mon-compte\/parcs-de-vol\/"]}]},{"@type":"BreadcrumbList","@id":"https:\/\/cruzecruz.net\/site\/fr\/mon-compte\/parcs-de-vol\/#breadcrumb","itemListElement":[{"@type":"ListItem","position":1,"name":"In\u00edcio","item":"https:\/\/cruzecruz.net\/site\/"},{"@type":"ListItem","position":2,"name":"Mon compte","item":"https:\/\/cruzecruz.net\/site\/fr\/mon-compte\/"},{"@type":"ListItem","position":3,"name":"Parcs de vol"}]},{"@type":"WebSite","@id":"https:\/\/cruzecruz.net\/site\/#website","url":"https:\/\/cruzecruz.net\/site\/","name":"Cruz&amp;Cruz, Lda - Fabrica de Redes","description":"","potentialAction":[{"@type":"SearchAction","target":{"@type":"EntryPoint","urlTemplate":"https:\/\/cruzecruz.net\/site\/?s={search_term_string}"},"query-input":{"@type":"PropertyValueSpecification","valueRequired":true,"valueName":"search_term_string"}}],"inLanguage":"pt-PT"}]}},"_links":{"self":[{"href":"https:\/\/cruzecruz.net\/site\/wp-json\/wp\/v2\/pages\/2288","targetHints":{"allow":["GET"]}}],"collection":[{"href":"https:\/\/cruzecruz.net\/site\/wp-json\/wp\/v2\/pages"}],"about":[{"href":"https:\/\/cruzecruz.net\/site\/wp-json\/wp\/v2\/types\/page"}],"author":[{"embeddable":true,"href":"https:\/\/cruzecruz.net\/site\/wp-json\/wp\/v2\/users\/1"}],"replies":[{"embeddable":true,"href":"https:\/\/cruzecruz.net\/site\/wp-json\/wp\/v2\/comments?post=2288"}],"version-history":[{"count":1,"href":"https:\/\/cruzecruz.net\/site\/wp-json\/wp\/v2\/pages\/2288\/revisions"}],"predecessor-version":[{"id":2289,"href":"https:\/\/cruzecruz.net\/site\/wp-json\/wp\/v2\/pages\/2288\/revisions\/2289"}],"up":[{"embeddable":true,"href":"https:\/\/cruzecruz.net\/site\/wp-json\/wp\/v2\/pages\/2284"}],"wp:attachment":[{"href":"https:\/\/cruzecruz.net\/site\/wp-json\/wp\/v2\/media?parent=2288"}],"curies":[{"name":"wp","href":"https:\/\/api.w.org\/{rel}","templated":true}]}}