{"id":40,"date":"2018-06-05T09:47:43","date_gmt":"2018-06-05T09:47:43","guid":{"rendered":"http:\/\/cruzecruz.net\/site\/?page_id=40"},"modified":"2021-05-21T11:12:20","modified_gmt":"2021-05-21T11:12:20","slug":"redes-pesca","status":"publish","type":"page","link":"https:\/\/cruzecruz.net\/site\/produtos-redes\/redes-pesca\/","title":{"rendered":"Redes Pesca"},"content":{"rendered":"<p align=\"justify\">As redes de Pesca podem ser feitas em ambas as qualidades, quer nylon, quer polietileno.<\/p>\n<ul>\n<li class=\"style54\">Redes de Monofilamento Nylon n\u00f3 duplo de \u00d8 0,30mm at\u00e9 \u00d8 0,60mm.<\/li>\n<li class=\"style54\">Redes de Polietileno Torcido, n\u00f3 simples de 1mm at\u00e9&nbsp;2,5mm<\/li>\n<\/ul>\n<p><span style=\"font-size: 12px;\">( aqui nas fotos de redes de pesca , s\u00e3o as de fio fino verde e tamb\u00e9m grosso embaladas em fardo)<\/span><\/p>\nngg_shortcode_0_placeholder\n","protected":false},"excerpt":{"rendered":"<p>As redes de Pesca podem ser feitas em ambas as qualidades, quer nylon, quer polietileno. Redes de Monofilamento Nylon n\u00f3 duplo de \u00d8 0,30mm at\u00e9 \u00d8 0,60mm. Redes de Polietileno Torcido, n\u00f3 simples de 1mm at\u00e9&nbsp;2,5mm ( aqui nas fotos de redes de pesca , s\u00e3o as de fio fino verde e tamb\u00e9m grosso embaladas [&hellip;]<\/p>\n","protected":false},"author":1,"featured_media":0,"parent":73,"menu_order":0,"comment_status":"closed","ping_status":"closed","template":"","meta":{"ngg_post_thumbnail":0,"footnotes":""},"class_list":["post-40","page","type-page","status-publish","hentry"],"yoast_head":"<!-- This site is optimized with the Yoast SEO plugin v26.7 - https:\/\/yoast.com\/wordpress\/plugins\/seo\/ -->\n<title>Redes Pesca - Cruz&amp;Cruz, Lda - Fabrica de Redes<\/title>\n<meta name=\"description\" content=\"As redes de Pesca podem ser feitas em ambas as qualidades, quer nylon, quer polietileno. Redes de Monofilamento Nylon n\u00f3 duplo de \u00d8 0,30mm at\u00e9 \u00d8 0,60mm. %\" \/>\n<meta name=\"robots\" content=\"index, follow, max-snippet:-1, max-image-preview:large, max-video-preview:-1\" \/>\n<link rel=\"canonical\" href=\"https:\/\/cruzecruz.net\/site\/produtos-redes\/redes-pesca\/\" \/>\n<meta property=\"og:locale\" content=\"pt_PT\" \/>\n<meta property=\"og:type\" content=\"article\" \/>\n<meta property=\"og:title\" content=\"Redes Pesca - Cruz&amp;Cruz, Lda - Fabrica de Redes\" \/>\n<meta property=\"og:description\" content=\"As redes de Pesca podem ser feitas em ambas as qualidades, quer nylon, quer polietileno. Redes de Monofilamento Nylon n\u00f3 duplo de \u00d8 0,30mm at\u00e9 \u00d8 0,60mm. %\" \/>\n<meta property=\"og:url\" content=\"https:\/\/cruzecruz.net\/site\/produtos-redes\/redes-pesca\/\" \/>\n<meta property=\"og:site_name\" content=\"Cruz&amp;Cruz, Lda - Fabrica de Redes\" \/>\n<meta property=\"article:modified_time\" content=\"2021-05-21T11:12:20+00:00\" \/>\n<meta name=\"twitter:card\" content=\"summary_large_image\" \/>\n<script type=\"application\/ld+json\" class=\"yoast-schema-graph\">{\"@context\":\"https:\/\/schema.org\",\"@graph\":[{\"@type\":\"WebPage\",\"@id\":\"https:\/\/cruzecruz.net\/site\/produtos-redes\/redes-pesca\/\",\"url\":\"https:\/\/cruzecruz.net\/site\/produtos-redes\/redes-pesca\/\",\"name\":\"Redes Pesca - Cruz&amp;Cruz, Lda - Fabrica de Redes\",\"isPartOf\":{\"@id\":\"https:\/\/cruzecruz.net\/site\/#website\"},\"datePublished\":\"2018-06-05T09:47:43+00:00\",\"dateModified\":\"2021-05-21T11:12:20+00:00\",\"description\":\"As redes de Pesca podem ser feitas em ambas as qualidades, quer nylon, quer polietileno. Redes de Monofilamento Nylon n\u00f3 duplo de \u00d8 0,30mm at\u00e9 \u00d8 0,60mm. %\",\"breadcrumb\":{\"@id\":\"https:\/\/cruzecruz.net\/site\/produtos-redes\/redes-pesca\/#breadcrumb\"},\"inLanguage\":\"pt-PT\",\"potentialAction\":[{\"@type\":\"ReadAction\",\"target\":[\"https:\/\/cruzecruz.net\/site\/produtos-redes\/redes-pesca\/\"]}]},{\"@type\":\"BreadcrumbList\",\"@id\":\"https:\/\/cruzecruz.net\/site\/produtos-redes\/redes-pesca\/#breadcrumb\",\"itemListElement\":[{\"@type\":\"ListItem\",\"position\":1,\"name\":\"In\u00edcio\",\"item\":\"https:\/\/cruzecruz.net\/site\/\"},{\"@type\":\"ListItem\",\"position\":2,\"name\":\"Produtos (redes)\",\"item\":\"https:\/\/cruzecruz.net\/site\/produtos-redes\/\"},{\"@type\":\"ListItem\",\"position\":3,\"name\":\"Redes Pesca\"}]},{\"@type\":\"WebSite\",\"@id\":\"https:\/\/cruzecruz.net\/site\/#website\",\"url\":\"https:\/\/cruzecruz.net\/site\/\",\"name\":\"Cruz&amp;Cruz, Lda - Fabrica de Redes\",\"description\":\"\",\"potentialAction\":[{\"@type\":\"SearchAction\",\"target\":{\"@type\":\"EntryPoint\",\"urlTemplate\":\"https:\/\/cruzecruz.net\/site\/?s={search_term_string}\"},\"query-input\":{\"@type\":\"PropertyValueSpecification\",\"valueRequired\":true,\"valueName\":\"search_term_string\"}}],\"inLanguage\":\"pt-PT\"}]}<\/script>\n<!-- \/ Yoast SEO plugin. -->","yoast_head_json":{"title":"Redes Pesca - Cruz&amp;Cruz, Lda - Fabrica de Redes","description":"As redes de Pesca podem ser feitas em ambas as qualidades, quer nylon, quer polietileno. Redes de Monofilamento Nylon n\u00f3 duplo de \u00d8 0,30mm at\u00e9 \u00d8 0,60mm. %","robots":{"index":"index","follow":"follow","max-snippet":"max-snippet:-1","max-image-preview":"max-image-preview:large","max-video-preview":"max-video-preview:-1"},"canonical":"https:\/\/cruzecruz.net\/site\/produtos-redes\/redes-pesca\/","og_locale":"pt_PT","og_type":"article","og_title":"Redes Pesca - Cruz&amp;Cruz, Lda - Fabrica de Redes","og_description":"As redes de Pesca podem ser feitas em ambas as qualidades, quer nylon, quer polietileno. Redes de Monofilamento Nylon n\u00f3 duplo de \u00d8 0,30mm at\u00e9 \u00d8 0,60mm. %","og_url":"https:\/\/cruzecruz.net\/site\/produtos-redes\/redes-pesca\/","og_site_name":"Cruz&amp;Cruz, Lda - Fabrica de Redes","article_modified_time":"2021-05-21T11:12:20+00:00","twitter_card":"summary_large_image","schema":{"@context":"https:\/\/schema.org","@graph":[{"@type":"WebPage","@id":"https:\/\/cruzecruz.net\/site\/produtos-redes\/redes-pesca\/","url":"https:\/\/cruzecruz.net\/site\/produtos-redes\/redes-pesca\/","name":"Redes Pesca - Cruz&amp;Cruz, Lda - Fabrica de Redes","isPartOf":{"@id":"https:\/\/cruzecruz.net\/site\/#website"},"datePublished":"2018-06-05T09:47:43+00:00","dateModified":"2021-05-21T11:12:20+00:00","description":"As redes de Pesca podem ser feitas em ambas as qualidades, quer nylon, quer polietileno. Redes de Monofilamento Nylon n\u00f3 duplo de \u00d8 0,30mm at\u00e9 \u00d8 0,60mm. %","breadcrumb":{"@id":"https:\/\/cruzecruz.net\/site\/produtos-redes\/redes-pesca\/#breadcrumb"},"inLanguage":"pt-PT","potentialAction":[{"@type":"ReadAction","target":["https:\/\/cruzecruz.net\/site\/produtos-redes\/redes-pesca\/"]}]},{"@type":"BreadcrumbList","@id":"https:\/\/cruzecruz.net\/site\/produtos-redes\/redes-pesca\/#breadcrumb","itemListElement":[{"@type":"ListItem","position":1,"name":"In\u00edcio","item":"https:\/\/cruzecruz.net\/site\/"},{"@type":"ListItem","position":2,"name":"Produtos (redes)","item":"https:\/\/cruzecruz.net\/site\/produtos-redes\/"},{"@type":"ListItem","position":3,"name":"Redes Pesca"}]},{"@type":"WebSite","@id":"https:\/\/cruzecruz.net\/site\/#website","url":"https:\/\/cruzecruz.net\/site\/","name":"Cruz&amp;Cruz, Lda - Fabrica de Redes","description":"","potentialAction":[{"@type":"SearchAction","target":{"@type":"EntryPoint","urlTemplate":"https:\/\/cruzecruz.net\/site\/?s={search_term_string}"},"query-input":{"@type":"PropertyValueSpecification","valueRequired":true,"valueName":"search_term_string"}}],"inLanguage":"pt-PT"}]}},"_links":{"self":[{"href":"https:\/\/cruzecruz.net\/site\/wp-json\/wp\/v2\/pages\/40","targetHints":{"allow":["GET"]}}],"collection":[{"href":"https:\/\/cruzecruz.net\/site\/wp-json\/wp\/v2\/pages"}],"about":[{"href":"https:\/\/cruzecruz.net\/site\/wp-json\/wp\/v2\/types\/page"}],"author":[{"embeddable":true,"href":"https:\/\/cruzecruz.net\/site\/wp-json\/wp\/v2\/users\/1"}],"replies":[{"embeddable":true,"href":"https:\/\/cruzecruz.net\/site\/wp-json\/wp\/v2\/comments?post=40"}],"version-history":[{"count":17,"href":"https:\/\/cruzecruz.net\/site\/wp-json\/wp\/v2\/pages\/40\/revisions"}],"predecessor-version":[{"id":2942,"href":"https:\/\/cruzecruz.net\/site\/wp-json\/wp\/v2\/pages\/40\/revisions\/2942"}],"up":[{"embeddable":true,"href":"https:\/\/cruzecruz.net\/site\/wp-json\/wp\/v2\/pages\/73"}],"wp:attachment":[{"href":"https:\/\/cruzecruz.net\/site\/wp-json\/wp\/v2\/media?parent=40"}],"curies":[{"name":"wp","href":"https:\/\/api.w.org\/{rel}","templated":true}]}}